{"id":84,"date":"2017-11-10T14:08:51","date_gmt":"2017-11-10T14:08:51","guid":{"rendered":"http:\/\/tag_link_site_url\/mesmerize\/"},"modified":"2025-07-16T11:24:02","modified_gmt":"2025-07-16T09:24:02","slug":"mesmerize","status":"publish","type":"page","link":"https:\/\/www.malinowa.pl\/","title":{"rendered":"Front Page"},"content":{"rendered":"<div  data-label=\"Overlappable\" data-id=\"overlappable--1\" data-export-id=\"overlappable-4\" data-category=\"overlappable\" class=\"overlappable-4 content-section content-section-spacing\" data-overlap=\"true\" id=\"overlappable-1\" style=\"background-color: rgb(255, 255, 255);\"><div  class=\"gridContainer\"> <div  data-type=\"row\" class=\"row spaced-cols text-center\">  <div  class=\"col-xs-12 col-sm-4 col-padding\">  <div  data-type=\"column\" class=\"\"> <\/div> <\/div><\/div> <\/div><\/div><div  data-label=\"About\" data-id=\"about-images-right-section\" data-export-id=\"about-images-right-section\" data-category=\"about\" class=\"about-images-right-section content-section content-section-spacing\" id=\"about-12\" style=\"background-color: rgb(255, 255, 255);\"> <div  class=\"gridContainer\"> <div  class=\"row middle-sm text-center\"> <div  class=\"col-sm-5 content-left-sm\" data-type=\"column\"> <h5  class=\"\">DRUKARNIA MALINOWA<\/h5> <h2  class=\"\">prawdopodobnie&nbsp;<br > <span  style=\"font-family: Playfair Display, sans-serif; font-weight: 700; font-style: italic;\" href=\"#\"> najwi\u0119ksza drukarnia<\/span> w regionie<\/h2> <p  class=\"\">Jako drukarnia specjalizujemy si\u0119 w drukach cyfrowych i offsetowych, nisko i wysokonak\u0142adowych, od ma\u0142ych format\u00f3w a\u017c do wielkopowierzchnowych.<br ><br >Zajmujemy si\u0119 r\u00f3wnie\u017c realizacj\u0105 materia\u0142\u00f3w reklamowych oraz gad\u017cet\u00f3w  z nadrukami reklamowymi.\n<br ><br >Oferujemy kompleksow\u0105 realizacj\u0119 \u2013 od opracowania graficznego do finalnego wykonania, dostawy i ew. monta\u017cu.<\/p>  <\/div> <div  class=\"col-sm-7\"> <div  class=\"image-group-side-3-img\"> <img  decoding=\"async\" class=\"topimg shadow-large\" src=\"https:\/\/www.malinowa.pl\/wp-content\/uploads\/2020\/03\/cropped-print-machine-scaled-2.jpg\" alt=\"\" title=\"cropped-print-machine-scaled-2.jpg\"> <img  decoding=\"async\" class=\"rightimg shadow-large\" src=\"https:\/\/www.malinowa.pl\/wp-content\/uploads\/2020\/03\/cropped-print-2797178_1920-1.jpg\" alt=\"\" title=\"cropped-print-2797178_1920-1.jpg\"> <div  class=\"leftimg\"> <img  decoding=\"async\" class=\"shadow-large\" src=\"https:\/\/www.malinowa.pl\/wp-content\/uploads\/2020\/03\/cropped-monitor_work1-1.jpg\" alt=\"\" title=\"cropped-monitor_work1-1.jpg\"> <\/div> <\/div> <\/div> <\/div> <\/div> <\/div><div  data-label=\"Features\" data-id=\"features-16\" data-export-id=\"features-16\" data-category=\"features\" class=\"features-16 content-section content-section-spacing\" id=\"features-9\" style=\"background-color: rgb(245, 250, 253);\"> <div  class=\"gridContainer\"> <div  class=\"row text-center\"> <div  class=\"section-title-col\" data-type=\"column\">   <\/div> <\/div> <div  class=\"row spaced-cols\" data-type=\"row\"> <div  class=\"col-xs-12 col-sm-6 col-md-4 space-bottom\"> <img  decoding=\"async\" class=\"face\" src=\"https:\/\/www.malinowa.pl\/wp-content\/uploads\/2020\/03\/cropped-DSC_0243.jpg\" alt=\"\" title=\"cropped-DSC_0243.jpg\"> <div  data-type=\"column\" class=\"col-padding-small col-padding-small-xs description-container\"> <h4  class=\"font-500\">druk offsetowy<\/h4> <p  class=\"\">druk wysokonak\u0142adowy do formatu B1:\n<br >\u2013 katalogi \u2013 foldery \u2013 gazetki \u2013 kalendarze<br >\u2013 ulotki \u2013 plakaty\n\u2013 teczki \u2013 papiery firmowe\n<br >\u2013 torby papierowe itp.<\/p>  <\/div> <\/div> <div  class=\"col-xs-12 col-sm-6 col-md-4 space-bottom\"> <img  decoding=\"async\" class=\"face\" src=\"https:\/\/www.malinowa.pl\/wp-content\/uploads\/2020\/03\/cropped-print-2797178_1920.jpg\" alt=\"\" title=\"cropped-print-2797178_1920.jpg\"> <div  data-type=\"column\" class=\"col-padding-small col-padding-small-xs description-container\"> <h4  class=\"font-500\">druk cyfrowy i wielkoformatowy<\/h4> <p  class=\"\">druk niskonak\u0142adowy w r\u00f3\u017cnych formatach i na r\u00f3\u017cnych mediach:\n<br >\u2013 ulotki \u2013 wizyt\u00f3wki \u2013 zaproszenia \u2013 plakaty\n<br >\u2013 dyplomy \u2013 etykiety \u2013 naklejki \u2013 banery itp.<\/p>  <\/div> <\/div> <div  class=\"col-xs-12 col-sm-6 col-md-4 space-bottom\"> <img  decoding=\"async\" class=\"face\" src=\"https:\/\/www.malinowa.pl\/wp-content\/uploads\/2020\/03\/cropped-reklama-1.jpg\" alt=\"\" title=\"cropped-reklama-1.jpg\"> <div  data-type=\"column\" class=\"col-padding-small col-padding-small-xs description-container\"> <h4  class=\"font-500\">reklama outdoor<\/h4> <p  class=\"\">reklama zewn\u0119trzna:\n<br >\u2013 tablice \u2013 banery \u2013 oklejanie pojazd\u00f3w\n<br >\u2013 oklejanie witryn \u2013 stojaki \u2013 flagi \u2013 kasetony\n<br >\u2013 litery 3D \u2013 fototapety itp.<\/p>  <\/div> <\/div> <\/div> <\/div> <\/div><div  data-label=\"Features\" data-id=\"features--1\" data-export-id=\"features-16-card-bordered\" data-category=\"features\" class=\"features-16-card-bordered content-section content-section-spacing\" id=\"features-10\" style=\"background-color: rgb(245, 250, 253);\"><div  class=\"gridContainer\"> <div  class=\"row text-center\"><div  class=\"section-title-col\" data-type=\"column\">  <\/div> <\/div> <div  class=\"row spaced-cols\" data-type=\"row\"> <div  class=\"col-xs-12 col-sm-6 col-md-4\"> <div  class=\"card no-padding bordered y-move\"> <img  decoding=\"async\" class=\"face\" src=\"https:\/\/www.malinowa.pl\/wp-content\/uploads\/2020\/03\/monitor_work1.jpg\" alt=\"\" title=\"monitor_work1\"> <div  data-type=\"column\" class=\"col-padding-small col-padding-small-xs description-container\"> <h4  class=\"font-500\">projekty graficzne, DTP<\/h4> <p  class=\"\">profesjonalne opracowanie i sk\u0142ad graficzny materia\u0142\u00f3w zgodnie z wymaganiami danej techniki druku,&nbsp;przy wykorzystaniu najnowych pakiet\u00f3w graficznych<\/p><\/div> <div  data-type=\"column\" class=\"col-padding-small col-padding-small-xs read-more-container\"><\/div> <\/div><\/div> <div  class=\"col-xs-12 col-sm-6 col-md-4\"><div  class=\"card no-padding bordered y-move\"> <img  decoding=\"async\" class=\"face\" src=\"https:\/\/www.malinowa.pl\/wp-content\/uploads\/2020\/03\/gadzety.jpg\" alt=\"\" title=\"gadzety\"> <div  data-type=\"column\" class=\"col-padding-small col-padding-small-xs description-container\"> <h4  class=\"font-500\">gad\u017cety reklamowe<\/h4> <p  class=\"\">produkty z indywidualnymi nadrukami reklamowymi:\n<br >\u2013 odzie\u017c \u2013 kubki \u2013 smycze \u2013 d\u0142ugopsiy \u2013 s\u0142odycze\n<br >\u2013 balony \u2013 grawertony \u2013 naklejki 3D itp.<\/p><\/div> <div  data-type=\"column\" class=\"col-padding-small col-padding-small-xs read-more-container\"><\/div> <\/div><\/div> <div  class=\"col-xs-12 col-sm-6 col-md-4\"><div  class=\"card no-padding bordered y-move\"> <img  decoding=\"async\" class=\"face\" src=\"https:\/\/www.malinowa.pl\/wp-content\/uploads\/2020\/03\/pieczatki.jpg\" alt=\"\" title=\"pieczatki\"> <div  data-type=\"column\" class=\"col-padding-small col-padding-small-xs description-container\"> <h4  class=\"font-500\">piecz\u0105tki \u2013 ksero \u2013 oprawa<\/h4> <p  class=\"\"><\/p><\/div> <div  data-type=\"column\" class=\"col-padding-small col-padding-small-xs read-more-container\"><\/div> <\/div><\/div> <\/div><\/div> <\/div><div  data-label=\"Odziez\" data-id=\"about--1\" data-export-id=\"about-9\" data-category=\"about\" class=\"about-9 content-section content-section-spacing\" id=\"odziez\" style=\"background-color: rgb(255, 255, 255);\"><div  class=\"gridContainer\"> <div  class=\"row middle-sm text-center\"><div  class=\"col-sm-5 space-bottom-xs content-column content-right-sm\" data-type=\"column\"> <h5  class=\"\">KATALOG ODZIE\u017bY ORAZ \u015aRODK\u00d3W OCHRONNYCH<\/h5> <h2  class=\"\">Zobacz<br > <span  style=\"font-family: Playfair Display,sans-serif; font-weight: 700; font-style: italic;\" href=\"#\">bogat\u0105 ofert\u0119\n<\/span>odzie\u017cy<\/h2> <p  class=\"\">Poszerzyli\u015bmy nasz\u0105 ofert\u0119 o wysokiej jako\u015bci odzie\u017c oraz \u015brodki ochronne renomowanych marek.\n<br >Je\u015bli masz pytania lub znalaz\u0142e\u015b ta\u0144sz\u0105 ofert\u0119 \u2013 daj nam zna\u0107\n<br >a my b\u0119dzimy si\u0119 stara\u0107 sprosta\u0107 ka\u017cdemy wyzwaniu.<\/p> <a class=\"button color1\" href=\"\/\/onlinecatalog.malfini.com\/katalog%20odzie%C5%BCy%20oraz%20%C5%9Brodk%C3%B3w%20ochrony\/pl\/catalog\" target=\"_blank\" data-cp-link=\"1\" rel=\"noopener\">ZOBACZ KATALOG<\/a><\/div> <div  class=\"col-sm-7 flexbox flexbox middle-xs center-xs space-bottom-xs\"><div  class=\"overlay-box flexbox middle-xs center-xs overlay-holder \"> <div  class=\"overlay-box-offset offset-background shadow-medium bg-color2 hide-xs\"><\/div> <img  decoding=\"async\" class=\"flexbox shadow-large img1\" src=\"https:\/\/www.malinowa.pl\/wp-content\/uploads\/2021\/03\/odziez.jpg\" data-size=\"600x400\" title=\"odziez\" alt=\"\"><\/div> <\/div><\/div> <\/div><\/div><div  data-label=\"pasek\" data-id=\"cta-blue-section\" data-export-id=\"cta-blue-section\" data-category=\"cta\" class=\"cta-blue-section content-section content-section-spacing-medium bg-color1 white-text\" id=\"pasek\"> <div  class=\"gridContainer\"> <div  class=\"row middle-xs\"> <div  class=\"col-sm-8 space-bottom-xs\" data-type=\"column\"> <h2  class=\"\">Zapraszamy do wsp\u00f3\u0142pracy<\/h2> <\/div> <div  class=\"col-sm-4 end-sm\" data-type=\"column\">  <\/div> <\/div> <\/div> <\/div><div  data-label=\"Clients\" data-id=\"clients--1\" data-export-id=\"clients-4\" data-category=\"clients\" class=\"clients-4 content-section content-section-spacing-small\" id=\"clients-1\" style=\"background-color: rgb(255, 255, 255);\"><div  class=\"gridContainer\"> <div  class=\"row\"><div  data-type=\"column\" class=\"section-title-col\">  <p  class=\"lead\">nasi klienci<\/p><\/div> <\/div> <div  data-type=\"row\" class=\"row spaced-cols middle-xs center-xs space-bottom padding-lr\"> <div  class=\"col-xs-6 col-sm-2 col-md-2\"> <img  decoding=\"async\" src=\"https:\/\/www.malinowa.pl\/wp-content\/uploads\/2020\/03\/isp.png\" class=\"\" alt=\"\" title=\"isp\"><\/div> <div  class=\"col-xs-6 col-sm-2 col-md-2\"> <img  decoding=\"async\" src=\"https:\/\/www.malinowa.pl\/wp-content\/uploads\/2020\/03\/interpak.png\" class=\"\" alt=\"\" title=\"interpak\"><\/div> <div  class=\"col-xs-6 col-sm-2 col-md-2\"> <img  decoding=\"async\" src=\"https:\/\/www.malinowa.pl\/wp-content\/uploads\/2020\/03\/um-limanowa.png\" class=\"\" alt=\"\" title=\"um limanowa\"><\/div> <div  class=\"col-xs-6 col-sm-2 col-md-2\"> <img  decoding=\"async\" src=\"https:\/\/www.malinowa.pl\/wp-content\/uploads\/2020\/03\/ug-limanowa.png\" class=\"\" alt=\"\" title=\"ug limanowa\"><\/div> <div  class=\"col-xs-6 col-sm-2 col-md-2\"> <img  decoding=\"async\" src=\"https:\/\/www.malinowa.pl\/wp-content\/uploads\/2020\/03\/orlen-budonaft.png\" class=\"\" alt=\"\" title=\"orlen budonaft\"><\/div> <div  class=\"col-xs-6 col-sm-2 col-md-2\"> <img  decoding=\"async\" src=\"https:\/\/www.malinowa.pl\/wp-content\/uploads\/2020\/03\/bs-limanowa.png\" class=\"\" alt=\"\" title=\"bs limanowa\"><\/div> <div  class=\"col-xs-6 col-sm-2 col-md-2\"> <img  decoding=\"async\" src=\"https:\/\/www.malinowa.pl\/wp-content\/uploads\/2020\/03\/karpol.png\" class=\"\" alt=\"\" title=\"karpol\"><\/div><div  class=\"col-xs-6 col-sm-2 col-md-2\"> <img  decoding=\"async\" src=\"https:\/\/www.malinowa.pl\/wp-content\/uploads\/2020\/03\/bomstal.png\" class=\"\" alt=\"\" title=\"bomstal\"><\/div><div  class=\"col-xs-6 col-sm-2 col-md-2\"> <img  decoding=\"async\" src=\"https:\/\/www.malinowa.pl\/wp-content\/uploads\/2020\/03\/pup.png\" class=\"\" alt=\"\" title=\"pup\"><\/div><div  class=\"col-xs-6 col-sm-2 col-md-2\"> <img  decoding=\"async\" src=\"https:\/\/www.malinowa.pl\/wp-content\/uploads\/2020\/03\/p\u0142ywalnia-limanowska.png\" class=\"\" alt=\"\" title=\"p\u0142ywalnia limanowska\"><\/div><div  class=\"col-xs-6 col-sm-2 col-md-2\"> <img  decoding=\"async\" src=\"https:\/\/www.malinowa.pl\/wp-content\/uploads\/2020\/03\/budmax.png\" class=\"\" alt=\"\" title=\"budmax\"><\/div><div  class=\"col-xs-6 col-sm-2 col-md-2\"> <img  decoding=\"async\" src=\"https:\/\/www.malinowa.pl\/wp-content\/uploads\/2020\/03\/emiter.png\" class=\"\" alt=\"\" title=\"emiter\"><\/div><\/div><\/div> <\/div><div  data-label=\"Contact\" data-id=\"contact--1\" data-export-id=\"contact-1\" data-category=\"contact\" class=\"contact-1 content-section content-section-spacing white-text\" data-parallax-depth=\"20\" id=\"contact-1\" style=\"background-color: rgb(245, 250, 253);\"><div  class=\"gridContainer\"> <div  class=\"row text-center\"><div  class=\"section-title-col\" data-type=\"column\"> <img  decoding=\"async\" class=\"custom-image\" src=\"https:\/\/www.malinowa.pl\/wp-content\/uploads\/2022\/02\/plansza_informacyjna_PFR_poziom.jpg\" title=\"plansza_informacyjna_PFR_poziom\" alt=\"\"><h2  class=\"\">kontakt:<\/h2> <p  class=\"lead\">Drukarnia MALINOWA\n<br >34-600 Limanowa, ul. Fabryczna 2\n<br >tel. +48 18-337-28-80,\nkom. +48 606-359-342\n<br >e-mail: drukarnia@malinowa.pl<br >biuro czynne: poniedzia\u0142ek\u2013pi\u0105tek 8:00\u201314:00<\/p><a class=\"link\" href=\"\/\/www.malinowa.pl\/wp-content\/uploads\/2022\/02\/plansza_informacyjna_PFR_poziom.jpg\" target=\"_self\" data-cp-link=\"1\" rel=\"noopener\"><\/a><\/div> <\/div> <div  class=\"row text-center\"> <div  class=\"col-xs-12 col-sm-8 col-sm-offset-2 contact-form-wrapper inline-info\"> <div  class=\"card large-padding\"> <div  class=\"\" data-content-shortcode=\"mesmerize_contact_form shortcode=&quot;Zapraszamy&quot;\" data-editable=\"true\">[Zapraszamy]<\/div><\/div> <\/div><\/div> <\/div><\/div>","protected":false},"excerpt":{"rendered":"<p>DRUKARNIA MALINOWA prawdopodobnie&nbsp; najwi\u0119ksza drukarnia w regionie Jako drukarnia specjalizujemy si\u0119 w drukach cyfrowych i offsetowych, nisko i wysokonak\u0142adowych, od ma\u0142ych format\u00f3w a\u017c do wielkopowierzchnowych.Zajmujemy si\u0119 r\u00f3wnie\u017c realizacj\u0105 materia\u0142\u00f3w reklamowych oraz gad\u017cet\u00f3w z nadrukami reklamowymi. Oferujemy kompleksow\u0105 realizacj\u0119 \u2013 od opracowania graficznego do finalnego wykonania, dostawy i ew. monta\u017cu. druk offsetowy druk wysokonak\u0142adowy do formatu&hellip; <br \/> <a class=\"read-more\" href=\"https:\/\/www.malinowa.pl\/\">Dowiedz si\u0119 wi\u0119cej<\/a><\/p>\n","protected":false},"author":1,"featured_media":0,"parent":0,"menu_order":0,"comment_status":"closed","ping_status":"closed","template":"page-templates\/homepage.php","meta":{"footnotes":""},"class_list":["post-84","page","type-page","status-publish","hentry"],"_links":{"self":[{"href":"https:\/\/www.malinowa.pl\/index.php?rest_route=\/wp\/v2\/pages\/84","targetHints":{"allow":["GET"]}}],"collection":[{"href":"https:\/\/www.malinowa.pl\/index.php?rest_route=\/wp\/v2\/pages"}],"about":[{"href":"https:\/\/www.malinowa.pl\/index.php?rest_route=\/wp\/v2\/types\/page"}],"author":[{"embeddable":true,"href":"https:\/\/www.malinowa.pl\/index.php?rest_route=\/wp\/v2\/users\/1"}],"replies":[{"embeddable":true,"href":"https:\/\/www.malinowa.pl\/index.php?rest_route=%2Fwp%2Fv2%2Fcomments&post=84"}],"version-history":[{"count":57,"href":"https:\/\/www.malinowa.pl\/index.php?rest_route=\/wp\/v2\/pages\/84\/revisions"}],"predecessor-version":[{"id":566,"href":"https:\/\/www.malinowa.pl\/index.php?rest_route=\/wp\/v2\/pages\/84\/revisions\/566"}],"wp:attachment":[{"href":"https:\/\/www.malinowa.pl\/index.php?rest_route=%2Fwp%2Fv2%2Fmedia&parent=84"}],"curies":[{"name":"wp","href":"https:\/\/api.w.org\/{rel}","templated":true}]}}