{"id":455,"date":"2020-03-16T12:46:46","date_gmt":"2020-03-16T11:46:46","guid":{"rendered":"http:\/\/www.malinowa.pl\/?page_id=455"},"modified":"2024-05-23T11:36:48","modified_gmt":"2024-05-23T09:36:48","slug":"rodo-informacje","status":"publish","type":"page","link":"https:\/\/www.malinowa.pl\/?page_id=455","title":{"rendered":"RODO"},"content":{"rendered":"<p>Szanowni Pa\u0144stwo,<\/p>\n<p>&nbsp;<\/p>\n<p>z dniem 25 maja 2018 r. zmieniaj\u0105 si\u0119 obowi\u0105zuj\u0105ce przepisy z zakresu ochrony danych osobowych w zwi\u0105zku z wej\u015bciem w \u017cycie Rozporz\u0105dzenia Parlamentu Europejskiego i Rady (UE) 2016\/679 z dnia 27 kwietnia 2016 r. w sprawie ochrony os\u00f3b fizycznych w zwi\u0105zku z przetwarzaniem danych osobowych i w sprawie swobodnego prze-p\u0142ywu takich danych oraz uchylenia dyrektywy 95\/46\/WE (RODO). Priorytetem jest dla nas dostosowanie proces\u00f3w w naszej firmie do nowych wymog\u00f3w, celem zapewnienia bezpiecze\u0144stwa danych osobowych.<\/p>\n<p>Kierujemy do Pa\u0144stwa niniejsz\u0105 wiadomo\u015b\u0107 maj\u0105c\u0105 na celu przekazanie wszelkich informacji o tym, jak przetwarzamy dane osobowe. Nie jest wymagane od Pa\u0144stwa \u017cadne dzia\u0142anie lub kontakt z nami.<\/p>\n<p>&nbsp;<\/p>\n<p id=\"u5276-11\">Administrator Danych Osobowych.<\/p>\n<p>Drukarnia \u201eMalinowa\u201d s.c. B. Merkowska, W. Musia\u0142 z siedzib\u0105 w Limanowej ul. Fabryczna 2, adres do korespondencji: 34-600 Limanowa, ul. Fabryczna 2.<\/p>\n<p>&nbsp;<\/p>\n<p>Uzyskanie informacji o przetwarzaniu danych osobowych<\/p>\n<p>W sprawach zwi\u0105zanych z ochron\u0105 danych mog\u0105 Pa\u0144stwo kontaktowa\u0107 si\u0119 z nami pod adresem siedziby pisemnie lub pod adres e-mail drukarnia@malinowa.pl<\/p>\n<p>&nbsp;<\/p>\n<p id=\"u5276-21\">Pozyskanie danych i cel ich przetwarzania.<\/p>\n<p>Cel przetwarzania &#8211; Podstawa prawna:<\/p>\n<ul id=\"u5276-26\" class=\"list0 nls-None\">\n<li>Zawarcie i wykonanie umowy, w tym kontaktowanie si\u0119 z klientem w zwi\u0105zku z jej realizacj\u0105 &#8211; art. 6 ust. 1 lit. b RODO<\/li>\n<\/ul>\n<ul id=\"u5276-29\" class=\"list0 nls-None\">\n<li>Rozpatrywania skarg i reklamacji &#8211; art. 6 ust. 1 lit. c RODO<\/li>\n<\/ul>\n<ul id=\"u5276-32\" class=\"list0 nls-None\">\n<li>Dochodzenia roszcze\u0144 zwi\u0105zanych z zawart\u0105 umow\u0105 &#8211; art. 6 ust. 1 lit. f RODO<\/li>\n<\/ul>\n<ul id=\"u5276-35\" class=\"list0 nls-None\">\n<li>Archiwizowanie dokumentacji, tj. um\u00f3w i dokument\u00f3w rozliczeniowych &#8211; art. 6 ust. 1 lit. c RODO<\/li>\n<\/ul>\n<ul id=\"u5276-38\" class=\"list0 nls-None\">\n<li>Prowadzenia statystyk poprzez pliki cookies &#8211; art. 6 ust. 1 lit. f RODO<\/li>\n<\/ul>\n<ul id=\"u5276-41\" class=\"list0 nls-None\">\n<li>Prowadzenie dzia\u0142a\u0144 marketingowych w\u0142asnych produkt\u00f3w i us\u0142ug bez wykorzystania \u015brodk\u00f3w komunikacji elektronicznej &#8211; art. 6 ust. 1 lit. f RODO<\/li>\n<\/ul>\n<ul id=\"u5276-44\" class=\"list0 nls-None\">\n<li>Prowadzenie dzia\u0142a\u0144 marketingowych w\u0142asnych produkt\u00f3w i us\u0142ug z wykorzystaniem \u015brodk\u00f3w komunikacji elektronicznej. &#8211; art. 6 ust. 1 lit. f RODO, przy czym dzia\u0142ania te z uwagi na inne obowi\u0105zuj\u0105ce przepisy prowadzone s\u0105 przez nas jedynie na podstawie posiadanych zg\u00f3d.<\/li>\n<\/ul>\n<ul id=\"u5276-47\" class=\"list0 nls-None\">\n<li>Obs\u0142uga zg\u0142osze\u0144 kierowanych z wykorzystaniem formularza kontaktowego, innych wniosk\u00f3w, w tym zapewnienie rozliczalno\u015bci &#8211; art. 6 ust. 1 lit. f RODO<\/li>\n<\/ul>\n<p>&nbsp;<\/p>\n<p id=\"u5276-50\">Odbiorcy danych.<\/p>\n<p>Dane osobowe mo\u017cemy przekazywa\u0107 innym podmiotom, kt\u00f3re b\u0119d\u0105 je przetwarza\u0142y, w szczeg\u00f3lno\u015bci:<\/p>\n<p>\u2022\u00a0\u00a0\u00a0 pomiotom prowadz\u0105cym dzia\u0142alno\u015b\u0107 pocztow\u0105 lub kuriersk\u0105, spedycyjn\u0105<\/p>\n<p>\u2022\u00a0\u00a0\u00a0 bankom, w przypadku konieczno\u015bci prowadzenia rozlicze\u0144<\/p>\n<p>\u2022\u00a0\u00a0\u00a0 organom pa\u0144stwowym lub innym podmiotom uprawnionym na podstawie przepis\u00f3w prawa, celem wykonania ci\u0105\u017c\u0105cych na nas obowi\u0105zk\u00f3w (Urz\u0105d Skarbowy, PIP, ZUS)<\/p>\n<p>\u2022\u00a0\u00a0\u00a0 podmiotom wspieraj\u0105cym nas w prowadzonej dzia\u0142alno\u015bci na nasze zlecenie, w szczeg\u00f3lno\u015bci dostawcom system\u00f3w zewn\u0119trznych wspieraj\u0105cym nasz\u0105 dzia\u0142alno\u015b\u0107<\/p>\n<p>&nbsp;<\/p>\n<p id=\"u5276-63\">Czas przechowywania danych.<\/p>\n<p>Jako administrator jeste\u015bmy obowi\u0105zani do przechowywania dokument\u00f3w zawieraj\u0105cych dane przez okresy wskazane przepisami prawa lub jest to konieczne do prawid\u0142owego funkcjonowania naszej sp\u00f3\u0142ki i zachowania zasady rozliczalno\u015bci.<\/p>\n<p>&nbsp;<\/p>\n<p id=\"u5276-68\">Okres, przez kt\u00f3ry dane osobowe b\u0119d\u0105 przechowywane.<\/p>\n<p>1) dane osobowe przetwarzane w celu zawarcia lub wykonania umowy oraz wype\u0142nienia obowi\u0105zku prawnego Administratora b\u0119d\u0105 przechowywane przez okres realizacji zam\u00f3wienia , a po jego zrealizowaniu przez okres niezb\u0119dny do:<\/p>\n<p>a) posprzeda\u017cowej obs\u0142ugi klient\u00f3w (np. obs\u0142ugi reklamacji)<\/p>\n<p>b) zabezpieczenia lub dochodzenia ewentualnych roszcze\u0144 przys\u0142uguj\u0105cych Administratorowi.<\/p>\n<p>c) wype\u0142nienia obowi\u0105zku prawnego Administratora (np. wynikaj\u0105cego z przepis\u00f3w podatkowych lub rachunkowych);<\/p>\n<p>2) dane osobowe przetwarzane na podstawie odr\u0119bnej zgody b\u0119d\u0105 przechowywane do czasu jej odwo\u0142ania. W szczeg\u00f3lno\u015bci dane przekazane w sklepie internetowym (w przypadku jego zaistnienia) b\u0119d\u0105 przechowywane do czasu usuni\u0119cia konta w sklepie (cofni\u0119cia zgody).<\/p>\n<p>&nbsp;<\/p>\n<p id=\"u5276-81\">Uprawnienia w zakresie przetwarzanych danych i dobrowolno\u015b\u0107 podania danych.<\/p>\n<p>Ka\u017cdej osobie, kt\u00f3rej dane dotycz\u0105 przys\u0142uguje:<\/p>\n<p>1) prawo dost\u0119pu do tre\u015bci swoich danych osobowych, czyli prawo do uzyskania potwierdzenia, czy Administrator przetwarza dane oraz informacji dotycz\u0105cych takiego przetwarzania<\/p>\n<p>2) prawo do sprostowania danych, je\u017celi dane przetwarzane przez Administratora s\u0105 nieprawid\u0142owe lub niekompletne<\/p>\n<p>3) prawo \u017c\u0105dania od Administratora usuni\u0119cia danych<\/p>\n<p>4) prawo \u017c\u0105dania od Administratora ograniczenia przetwarzania danych<\/p>\n<p>5) prawo do przenoszenia danych, czyli prawo do otrzymania dostarczonych Administratorowi danych osobowych oraz przes\u0142ania ich innemu administratorowi<\/p>\n<p>6) prawo wniesienia sprzeciwu wobec przetwarzania danych na podstawie uzasadnionego interesu Administratora lub wobec przetwarzania w celu marketingu bezpo\u015bredniego<\/p>\n<p>7) prawo wniesienia skargi do polskiego organu nadzorczego lub organu nadzorczego innego pa\u0144stwa cz\u0142onkowskiego Unii Europejskiej, w\u0142a\u015bciwego ze wzgl\u0119du na miejsce zwyk\u0142ego pobytu lub pracy osoby, kt\u00f3rej dane dotycz\u0105 lub ze wzgl\u0119du na miejsce domniemanego na-ruszenia RODO<\/p>\n<p>8) prawo do cofni\u0119cia zgody w dowolnym momencie (bez wp\u0142ywu na zgodno\u015b\u0107 z prawem przetwarzania, kt\u00f3rego dokonano na podstawie zgody przed jej cofni\u0119ciem)<\/p>\n<p>9) prawo do uzyskania interwencji ludzkiej ze strony Administratora, wyra\u017cenia w\u0142asnego stanowiska i do zakwestionowania decyzji opartej na zautomatyzowanym przetwarzaniu danych.<\/p>\n<p>W przypadku naruszenia przepis\u00f3w RODO przy przetwarzaniu Pa\u0144stwa danych, posiadacie Pa\u0144stwo prawo wniesienia skargi do organu nadzorczego, tj. Prezesa Urz\u0119du Ochrony Danych Osobowych.<\/p>\n<p>Podanie danych jest niezb\u0119dne do zawarcia umowy z ADO. W pozosta\u0142ym zakresie podanie danych jest dobrowolne.<\/p>\n<p>&nbsp;<\/p>\n<p id=\"u5276-108\">Przetwarzanie danych osobowych w spos\u00f3b zautomatyzowany.<\/p>\n<p>Dane osobowe nie b\u0119d\u0105 przetwarzane w spos\u00f3b zautomatyzowany (w tym w formie profilowania) w ten spos\u00f3b, \u017ce w wyniku takiego zautomatyzowanego przetwarzania mog\u0142yby za-pada\u0107 jakiekolwiek decyzje, mia\u0142yby by\u0107 powodowane inne skutki prawne lub w inny spos\u00f3b mia\u0142oby to istotnie wp\u0142ywa\u0107 na naszych klient\u00f3w.<\/p>\n<p>W ramach wykonywanych czynno\u015bci korzystamy z plik\u00f3w cookies w ten spos\u00f3b, \u017ce obserwujemy i analizujemy ruch na naszych stronach jednak\u017ce w ramach tych czynno\u015bci nie przetwarzamy danych osobowych w rozumieniu RODO.<\/p>\n","protected":false},"excerpt":{"rendered":"<p>Szanowni Pa\u0144stwo, &nbsp; z dniem 25 maja 2018 r. zmieniaj\u0105 si\u0119 obowi\u0105zuj\u0105ce przepisy z zakresu ochrony danych osobowych w zwi\u0105zku z wej\u015bciem w \u017cycie Rozporz\u0105dzenia Parlamentu Europejskiego i Rady (UE) 2016\/679 z dnia 27 kwietnia 2016 r. w sprawie ochrony os\u00f3b fizycznych w zwi\u0105zku z przetwarzaniem danych osobowych i w sprawie swobodnego prze-p\u0142ywu takich danych&hellip; <br \/> <a class=\"read-more\" href=\"https:\/\/www.malinowa.pl\/?page_id=455\">Dowiedz si\u0119 wi\u0119cej<\/a><\/p>\n","protected":false},"author":1,"featured_media":0,"parent":0,"menu_order":0,"comment_status":"closed","ping_status":"closed","template":"","meta":{"footnotes":""},"class_list":["post-455","page","type-page","status-publish","hentry"],"_links":{"self":[{"href":"https:\/\/www.malinowa.pl\/index.php?rest_route=\/wp\/v2\/pages\/455","targetHints":{"allow":["GET"]}}],"collection":[{"href":"https:\/\/www.malinowa.pl\/index.php?rest_route=\/wp\/v2\/pages"}],"about":[{"href":"https:\/\/www.malinowa.pl\/index.php?rest_route=\/wp\/v2\/types\/page"}],"author":[{"embeddable":true,"href":"https:\/\/www.malinowa.pl\/index.php?rest_route=\/wp\/v2\/users\/1"}],"replies":[{"embeddable":true,"href":"https:\/\/www.malinowa.pl\/index.php?rest_route=%2Fwp%2Fv2%2Fcomments&post=455"}],"version-history":[{"count":3,"href":"https:\/\/www.malinowa.pl\/index.php?rest_route=\/wp\/v2\/pages\/455\/revisions"}],"predecessor-version":[{"id":458,"href":"https:\/\/www.malinowa.pl\/index.php?rest_route=\/wp\/v2\/pages\/455\/revisions\/458"}],"wp:attachment":[{"href":"https:\/\/www.malinowa.pl\/index.php?rest_route=%2Fwp%2Fv2%2Fmedia&parent=455"}],"curies":[{"name":"wp","href":"https:\/\/api.w.org\/{rel}","templated":true}]}}